{"id":6802,"date":"2025-05-17T12:08:29","date_gmt":"2025-05-17T12:08:29","guid":{"rendered":"https:\/\/fxtrendo.com\/?page_id=6802"},"modified":"2025-09-01T11:02:46","modified_gmt":"2025-09-01T11:02:46","slug":"404-2","status":"publish","type":"page","link":"https:\/\/dev.fxtrendo.com\/fr\/404-2\/","title":{"rendered":"404"},"content":{"rendered":"\t\t<div data-elementor-type=\"wp-page\" data-elementor-id=\"6802\" class=\"elementor elementor-6802 elementor-3816\" data-elementor-post-type=\"page\">\n\t\t\t\t<div class=\"elementor-element elementor-element-5a93060 e-flex e-con-boxed e-con e-parent\" data-id=\"5a93060\" data-element_type=\"container\" data-e-type=\"container\">\n\t\t\t\t\t<div class=\"e-con-inner\">\n\t\t\t\t<div class=\"elementor-element elementor-element-42dfeff elementor-widget elementor-widget-spacer\" data-id=\"42dfeff\" data-element_type=\"widget\" data-e-type=\"widget\" data-widget_type=\"spacer.default\">\n\t\t\t\t\t\t\t<div class=\"elementor-spacer\">\n\t\t\t<div class=\"elementor-spacer-inner\"><\/div>\n\t\t<\/div>\n\t\t\t\t\t\t<\/div>\n\t\t\t\t\t<\/div>\n\t\t\t\t<\/div>\n\t\t<div class=\"elementor-element elementor-element-30156c5 e-flex e-con-boxed e-con e-parent\" data-id=\"30156c5\" data-element_type=\"container\" data-e-type=\"container\">\n\t\t\t\t\t<div class=\"e-con-inner\">\n\t\t\t\t<div class=\"elementor-element elementor-element-b64b6e1 elementor-hidden-desktop elementor-hidden-tablet elementor-widget elementor-widget-image\" data-id=\"b64b6e1\" data-element_type=\"widget\" data-e-type=\"widget\" data-widget_type=\"image.default\">\n\t\t\t\t\t\t\t\t\t\t\t\t\t\t\t<img fetchpriority=\"high\" decoding=\"async\" width=\"410\" height=\"364\" src=\"https:\/\/dev.fxtrendo.com\/wp-content\/uploads\/2025\/05\/Component-49.png\" class=\"attachment-full size-full wp-image-6805\" alt=\"\" srcset=\"https:\/\/dev.fxtrendo.com\/wp-content\/uploads\/2025\/05\/Component-49.png 410w, https:\/\/dev.fxtrendo.com\/wp-content\/uploads\/2025\/05\/Component-49-300x266.png 300w\" sizes=\"(max-width: 410px) 100vw, 410px\" \/>\t\t\t\t\t\t\t\t\t\t\t\t\t\t\t<\/div>\n\t\t\t\t<div class=\"elementor-element elementor-element-02dd7ac elementor-hidden-mobile elementor-widget elementor-widget-image\" data-id=\"02dd7ac\" data-element_type=\"widget\" data-e-type=\"widget\" data-widget_type=\"image.default\">\n\t\t\t\t\t\t\t\t\t\t\t\t\t\t\t<img decoding=\"async\" width=\"956\" height=\"711\" src=\"https:\/\/dev.fxtrendo.com\/wp-content\/uploads\/2025\/05\/Component-48.png\" class=\"attachment-full size-full wp-image-6804\" alt=\"\" srcset=\"https:\/\/dev.fxtrendo.com\/wp-content\/uploads\/2025\/05\/Component-48.png 956w, https:\/\/dev.fxtrendo.com\/wp-content\/uploads\/2025\/05\/Component-48-300x223.png 300w, https:\/\/dev.fxtrendo.com\/wp-content\/uploads\/2025\/05\/Component-48-768x571.png 768w\" sizes=\"(max-width: 956px) 100vw, 956px\" \/>\t\t\t\t\t\t\t\t\t\t\t\t\t\t\t<\/div>\n\t\t\t\t\t<\/div>\n\t\t\t\t<\/div>\n\t\t<div class=\"elementor-element elementor-element-bb4bbae e-con-full e-flex e-con e-parent\" data-id=\"bb4bbae\" data-element_type=\"container\" data-e-type=\"container\">\n\t\t\t\t<div class=\"elementor-element elementor-element-329115e elementor-absolute elementor-hidden-desktop elementor-hidden-tablet elementor-widget elementor-widget-image\" data-id=\"329115e\" data-element_type=\"widget\" data-e-type=\"widget\" data-settings=\"{&quot;_position&quot;:&quot;absolute&quot;}\" data-widget_type=\"image.default\">\n\t\t\t\t\t\t\t\t\t\t\t\t\t\t\t<img decoding=\"async\" width=\"412\" height=\"1146\" src=\"https:\/\/dev.fxtrendo.com\/wp-content\/uploads\/2025\/05\/Ellipse-33-5.svg\" class=\"attachment-full size-full wp-image-6806\" alt=\"\" \/>\t\t\t\t\t\t\t\t\t\t\t\t\t\t\t<\/div>\n\t\t\t\t<\/div>\n\t\t<div class=\"elementor-element elementor-element-fcbae8c e-flex e-con-boxed e-con e-parent\" data-id=\"fcbae8c\" data-element_type=\"container\" data-e-type=\"container\">\n\t\t\t\t\t<div class=\"e-con-inner\">\n\t\t\t\t<div class=\"elementor-element elementor-element-e829a52 elementor-widget elementor-widget-heading\" data-id=\"e829a52\" data-element_type=\"widget\" data-e-type=\"widget\" data-widget_type=\"heading.default\">\n\t\t\t\t\t<h2 class=\"elementor-heading-title elementor-size-default\">Page non trouv\u00e9e!<\/h2>\t\t\t\t<\/div>\n\t\t\t\t<div class=\"elementor-element elementor-element-64eee4f elementor-widget elementor-widget-heading\" data-id=\"64eee4f\" data-element_type=\"widget\" data-e-type=\"widget\" data-widget_type=\"heading.default\">\n\t\t\t\t\t<span class=\"elementor-heading-title elementor-size-default\">Veuillez v\u00e9rifier l'adresse \u00e0 nouveau ou retourner \u00e0 la page d'accueil de Trendo.<\/span>\t\t\t\t<\/div>\n\t\t\t\t<div class=\"elementor-element elementor-element-feb5186 elementor-widget elementor-widget-heading\" data-id=\"feb5186\" data-element_type=\"widget\" data-e-type=\"widget\" data-widget_type=\"heading.default\">\n\t\t\t\t\t<span class=\"elementor-heading-title elementor-size-default\">Si vous le souhaitez, vous pouvez utiliser la barre de recherche ci-dessous pour trouver la page souhait\u00e9e ou contacter le support via le chat en direct.<\/span>\t\t\t\t<\/div>\n\t\t\t\t\t<\/div>\n\t\t\t\t<\/div>\n\t\t<div class=\"elementor-element elementor-element-d40b154 e-flex e-con-boxed e-con e-parent\" data-id=\"d40b154\" data-element_type=\"container\" data-e-type=\"container\">\n\t\t\t\t\t<div class=\"e-con-inner\">\n\t\t<div class=\"elementor-element elementor-element-705621d e-con-full e-flex e-con e-child\" data-id=\"705621d\" data-element_type=\"container\" data-e-type=\"container\">\n\t\t\t\t<div class=\"elementor-element elementor-element-e87b8ed elementor-widget elementor-widget-search\" data-id=\"e87b8ed\" data-element_type=\"widget\" data-e-type=\"widget\" data-settings=\"{&quot;submit_trigger&quot;:&quot;key_enter&quot;,&quot;pagination_type_options&quot;:&quot;none&quot;}\" data-widget_type=\"search.default\">\n\t\t\t\t\t\t\t<search class=\"e-search hidden\" role=\"search\">\n\t\t\t<form class=\"e-search-form\" action=\"https:\/\/dev.fxtrendo.com\/fr\/\" method=\"get\">\n\n\t\t\t\t\n\t\t\t\t<label class=\"e-search-label\" for=\"search-e87b8ed\">\n\t\t\t\t\t<span class=\"elementor-screen-only\">\n\t\t\t\t\t\tRechercher \t\t\t\t\t<\/span>\n\t\t\t\t\t\t\t\t\t<\/label>\n\n\t\t\t\t<div class=\"e-search-input-wrapper\">\n\t\t\t\t\t<input id=\"search-e87b8ed\" placeholder=\"Rechercher\" class=\"e-search-input\" type=\"search\" name=\"s\" value=\"\" autocomplete=\"on\" role=\"combobox\" aria-autocomplete=\"list\" aria-expanded=\"false\" aria-controls=\"results-e87b8ed\" aria-haspopup=\"listbox\">\n\t\t\t\t\t<svg aria-hidden=\"true\" class=\"e-font-icon-svg e-fas-times\" viewBox=\"0 0 352 512\" xmlns=\"http:\/\/www.w3.org\/2000\/svg\"><path d=\"M242.72 256l100.07-100.07c12.28-12.28 12.28-32.19 0-44.48l-22.24-22.24c-12.28-12.28-32.19-12.28-44.48 0L176 189.28 75.93 89.21c-12.28-12.28-32.19-12.28-44.48 0L9.21 111.45c-12.28 12.28-12.28 32.19 0 44.48L109.28 256 9.21 356.07c-12.28 12.28-12.28 32.19 0 44.48l22.24 22.24c12.28 12.28 32.2 12.28 44.48 0L176 322.72l100.07 100.07c12.28 12.28 32.2 12.28 44.48 0l22.24-22.24c12.28-12.28 12.28-32.19 0-44.48L242.72 256z\"><\/path><\/svg>\t\t\t\t\t\t\t\t\t\t<output id=\"results-e87b8ed\" class=\"e-search-results-container hide-loader\" aria-live=\"polite\" aria-atomic=\"true\" aria-label=\"Results for search\" tabindex=\"0\">\n\t\t\t\t\t\t<div class=\"e-search-results\"><\/div>\n\t\t\t\t\t\t\t\t\t\t\t<\/output>\n\t\t\t\t\t\t\t\t\t<\/div>\n\t\t\t\t\n\t\t\t\t\n\t\t\t\t<button class=\"e-search-submit elementor-screen-only \" type=\"submit\" aria-label=\"Rechercher \">\n\t\t\t\t\t\n\t\t\t\t\t\t\t\t\t<\/button>\n\t\t\t\t<input type=\"hidden\" name=\"e_search_props\" value=\"e87b8ed-6802\">\n\t\t\t<\/form>\n\t\t<\/search>\n\t\t\t\t\t\t<\/div>\n\t\t\t\t<div class=\"elementor-element elementor-element-045fef7 elementor-absolute elementor-view-default elementor-widget elementor-widget-icon\" data-id=\"045fef7\" data-element_type=\"widget\" data-e-type=\"widget\" data-settings=\"{&quot;_position&quot;:&quot;absolute&quot;}\" data-widget_type=\"icon.default\">\n\t\t\t\t\t\t\t<div class=\"elementor-icon-wrapper\">\n\t\t\t<div class=\"elementor-icon\">\n\t\t\t<svg xmlns=\"http:\/\/www.w3.org\/2000\/svg\" width=\"24\" height=\"25\" viewBox=\"0 0 24 25\" fill=\"none\"><g id=\"vuesax\/outline\/search-normal\"><g id=\"search-normal\"><path id=\"Vector\" d=\"M11.5 22.25C5.85 22.25 1.25 17.65 1.25 12C1.25 6.35 5.85 1.75 11.5 1.75C17.15 1.75 21.75 6.35 21.75 12C21.75 17.65 17.15 22.25 11.5 22.25ZM11.5 3.25C6.67 3.25 2.75 7.18 2.75 12C2.75 16.82 6.67 20.75 11.5 20.75C16.33 20.75 20.25 16.82 20.25 12C20.25 7.18 16.33 3.25 11.5 3.25Z\" fill=\"white\"><\/path><path id=\"Vector_2\" d=\"M21.9995 23.2504C21.8095 23.2504 21.6195 23.1804 21.4695 23.0304L19.4695 21.0304C19.1795 20.7404 19.1795 20.2604 19.4695 19.9704C19.7595 19.6804 20.2395 19.6804 20.5295 19.9704L22.5295 21.9704C22.8195 22.2604 22.8195 22.7404 22.5295 23.0304C22.3795 23.1804 22.1895 23.2504 21.9995 23.2504Z\" fill=\"white\"><\/path><\/g><\/g><\/svg>\t\t\t<\/div>\n\t\t<\/div>\n\t\t\t\t\t\t<\/div>\n\t\t\t\t<\/div>\n\t\t\t\t\t<\/div>\n\t\t\t\t<\/div>\n\t\t<div class=\"elementor-element elementor-element-e51f6b1 e-flex e-con-boxed e-con e-parent\" data-id=\"e51f6b1\" data-element_type=\"container\" data-e-type=\"container\">\n\t\t\t\t\t<div class=\"e-con-inner\">\n\t\t\t\t<div class=\"elementor-element elementor-element-14b03c7 elementor-mobile-align-justify elementor-widget elementor-widget-button\" data-id=\"14b03c7\" data-element_type=\"widget\" data-e-type=\"widget\" data-widget_type=\"button.default\">\n\t\t\t\t\t\t\t\t\t\t<a class=\"elementor-button elementor-button-link elementor-size-sm\" href=\"\/fr\/\">\n\t\t\t\t\t\t<span class=\"elementor-button-content-wrapper\">\n\t\t\t\t\t\t\t\t\t<span class=\"elementor-button-text\">Page d'accueil<\/span>\n\t\t\t\t\t<\/span>\n\t\t\t\t\t<\/a>\n\t\t\t\t\t\t\t\t<\/div>\n\t\t\t\t<div class=\"elementor-element elementor-element-c9e3170 elementor-mobile-align-justify elementor-widget elementor-widget-button\" data-id=\"c9e3170\" data-element_type=\"widget\" data-e-type=\"widget\" data-widget_type=\"button.default\">\n\t\t\t\t\t\t\t\t\t\t<a class=\"elementor-button elementor-button-link elementor-size-sm\" href=\"#\">\n\t\t\t\t\t\t<span class=\"elementor-button-content-wrapper\">\n\t\t\t\t\t\t\t\t\t<span class=\"elementor-button-text\">Chat en direct<\/span>\n\t\t\t\t\t<\/span>\n\t\t\t\t\t<\/a>\n\t\t\t\t\t\t\t\t<\/div>\n\t\t\t\t\t<\/div>\n\t\t\t\t<\/div>\n\t\t<div class=\"elementor-element elementor-element-e04837c e-flex e-con-boxed e-con e-parent\" data-id=\"e04837c\" data-element_type=\"container\" data-e-type=\"container\">\n\t\t\t\t\t<div class=\"e-con-inner\">\n\t\t\t\t<div class=\"elementor-element elementor-element-066baa7 elementor-absolute elementor-hidden-mobile elementor-widget elementor-widget-image\" data-id=\"066baa7\" data-element_type=\"widget\" data-e-type=\"widget\" data-settings=\"{&quot;_position&quot;:&quot;absolute&quot;}\" data-widget_type=\"image.default\">\n\t\t\t\t\t\t\t\t\t\t\t\t\t\t\t<img loading=\"lazy\" decoding=\"async\" width=\"718\" height=\"1424\" src=\"https:\/\/dev.fxtrendo.com\/wp-content\/uploads\/2025\/04\/Ellipse-38.svg\" class=\"attachment-full size-full wp-image-6823\" alt=\"\" \/>\t\t\t\t\t\t\t\t\t\t\t\t\t\t\t<\/div>\n\t\t\t\t\t<\/div>\n\t\t\t\t<\/div>\n\t\t\t\t<\/div>\n\t\t","protected":false},"excerpt":{"rendered":"<p>Page non trouv\u00e9e! Veuillez v\u00e9rifier l&rsquo;adresse \u00e0 nouveau ou retourner \u00e0 la page d&rsquo;accueil de Trendo. Si vous le souhaitez, vous pouvez utiliser la barre de recherche ci-dessous pour trouver la page souhait\u00e9e ou contacter le support via le chat en direct. Search Page d&rsquo;accueil Chat en direct<\/p>\n","protected":false},"author":8,"featured_media":6804,"parent":0,"menu_order":0,"comment_status":"closed","ping_status":"closed","template":"","meta":{"_acf_changed":false,"inline_featured_image":false,"fxtrendo_post_editor":0,"footnotes":""},"class_list":["post-6802","page","type-page","status-publish","has-post-thumbnail","hentry"],"acf":[],"fxtrendo_editor":0,"_links":{"self":[{"href":"https:\/\/dev.fxtrendo.com\/fr\/wp-json\/wp\/v2\/pages\/6802","targetHints":{"allow":["GET"]}}],"collection":[{"href":"https:\/\/dev.fxtrendo.com\/fr\/wp-json\/wp\/v2\/pages"}],"about":[{"href":"https:\/\/dev.fxtrendo.com\/fr\/wp-json\/wp\/v2\/types\/page"}],"author":[{"embeddable":true,"href":"https:\/\/dev.fxtrendo.com\/fr\/wp-json\/wp\/v2\/users\/8"}],"replies":[{"embeddable":true,"href":"https:\/\/dev.fxtrendo.com\/fr\/wp-json\/wp\/v2\/comments?post=6802"}],"version-history":[{"count":0,"href":"https:\/\/dev.fxtrendo.com\/fr\/wp-json\/wp\/v2\/pages\/6802\/revisions"}],"wp:featuredmedia":[{"embeddable":true,"href":"https:\/\/dev.fxtrendo.com\/fr\/wp-json\/wp\/v2\/media\/6804"}],"wp:attachment":[{"href":"https:\/\/dev.fxtrendo.com\/fr\/wp-json\/wp\/v2\/media?parent=6802"}],"curies":[{"name":"wp","href":"https:\/\/api.w.org\/{rel}","templated":true}]}}