{"id":59690,"date":"2025-05-25T12:48:45","date_gmt":"2025-05-25T12:48:45","guid":{"rendered":"https:\/\/fxtrendo.com\/?page_id=59690"},"modified":"2026-04-13T09:21:42","modified_gmt":"2026-04-13T09:21:42","slug":"economic-calendar","status":"publish","type":"page","link":"https:\/\/dev.fxtrendo.com\/es\/economic-calendar\/","title":{"rendered":"Calendario Econ\u00f3mico"},"content":{"rendered":"\t\t<div data-elementor-type=\"wp-page\" data-elementor-id=\"59690\" class=\"elementor elementor-59690 elementor-6187\" data-elementor-post-type=\"page\">\n\t\t\t\t<div class=\"elementor-element elementor-element-73a9f11 e-con-full e-flex e-con e-parent\" data-id=\"73a9f11\" data-element_type=\"container\" data-e-type=\"container\" data-settings=\"{&quot;background_background&quot;:&quot;classic&quot;}\">\n\t\t<div class=\"elementor-element elementor-element-633d483 e-con-full e-flex e-con e-child\" data-id=\"633d483\" data-element_type=\"container\" data-e-type=\"container\" data-settings=\"{&quot;background_background&quot;:&quot;classic&quot;}\">\n\t\t\t\t<div class=\"elementor-element elementor-element-c52c29d elementor-widget elementor-widget-heading\" data-id=\"c52c29d\" data-element_type=\"widget\" data-e-type=\"widget\" data-widget_type=\"heading.default\">\n\t\t\t\t\t<h1 class=\"elementor-heading-title elementor-size-default\">Calendario Econ\u00f3mico Inteligente de Trendo<\/h1>\t\t\t\t<\/div>\n\t\t\t\t<div class=\"elementor-element elementor-element-77b4f19 elementor-widget elementor-widget-heading\" data-id=\"77b4f19\" data-element_type=\"widget\" data-e-type=\"widget\" data-widget_type=\"heading.default\">\n\t\t\t\t\t<span class=\"elementor-heading-title elementor-size-default\">Monitorea y analiza de un vistazo todos los principales eventos e indicadores econ\u00f3micos globales. Con alertas en vivo, capacidades avanzadas de filtrado y sincronizaci\u00f3n en tiempo real con la plataforma de trading de Trendo, podr\u00e1s tomar decisiones m\u00e1s precisas y mantenerte un paso adelante de la volatilidad del mercado.<\/span>\t\t\t\t<\/div>\n\t\t\t\t<\/div>\n\t\t\t\t<\/div>\n\t\t<div class=\"elementor-element elementor-element-4621f4c e-flex e-con-boxed e-con e-parent\" data-id=\"4621f4c\" data-element_type=\"container\" data-e-type=\"container\">\n\t\t\t\t\t<div class=\"e-con-inner\">\n\t\t\t\t<div class=\"elementor-element elementor-element-2d995a5 elementor-widget elementor-widget-shortcode\" data-id=\"2d995a5\" data-element_type=\"widget\" data-e-type=\"widget\" data-widget_type=\"shortcode.default\">\n\t\t\t\t\t\t\t<div class=\"elementor-shortcode\">    <div class=\"economic-table\" id=\"ecotbl_1\">\r\n        <div class=\"economic-data-filters\">\r\n\r\n            <select class=\"economic-filter js-day-of-week\" aria-label=\"Day of Week\">\r\n                <option value=\"\">Select Day of the Week<\/option>\r\n                <option value=\"Monday\">Monday<\/option>\r\n                <option value=\"Tuesday\">Tuesday<\/option>\r\n                <option value=\"Wednesday\">Wednesday<\/option>\r\n                <option value=\"Thursday\">Thursday<\/option>\r\n                <option value=\"Friday\">Friday<\/option>\r\n                <option value=\"Saturday\">Saturday<\/option>\r\n                <option value=\"Sunday\">Sunday<\/option>\r\n            <\/select>\r\n\r\n            <select class=\"economic-filter js-impact\" aria-label=\"Importance\">\r\n                <option value=\"\">Importance<\/option>\r\n                <option value=\"Low\">Low<\/option>\r\n                <option value=\"Medium\">Medium<\/option>\r\n                <option value=\"High\">High<\/option>\r\n            <\/select>\r\n\r\n            <select class=\"economic-filter js-economy\" aria-label=\"Currency\">\r\n                <option value=\"\">Currency<\/option>\r\n            <\/select>\r\n\r\n            <button type=\"button\" class=\"apply-filter-btn js-apply\">\r\n                Apply Filter            <\/button>\r\n        <\/div>\r\n\r\n        <div class=\"economic-data-container\">\r\n            <table class=\"economic-data-table\" border=\"1\" cellpadding=\"5\" cellspacing=\"0\">\r\n                <thead>\r\n                    <tr>\r\n                        <th>Time<\/th>\r\n                        <th>Currency<\/th>\r\n                        <th>Importance Level<\/th>\r\n                        <th>Event<\/th>\r\n                        <th>Actual<\/th>\r\n                        <th>Forecast<\/th>\r\n                        <th>Previous<\/th>\r\n                    <\/tr>\r\n                <\/thead>\r\n                <tbody class=\"js-tbody\">\r\n                    <tr><td colspan=\"7\">Loading...<\/td><\/tr>\r\n                <\/tbody>\r\n            <\/table>\r\n        <\/div>\r\n    <\/div>\r\n    <\/div>\n\t\t\t\t\t\t<\/div>\n\t\t\t\t\t<\/div>\n\t\t\t\t<\/div>\n\t\t<div class=\"elementor-element elementor-element-b860c0a e-flex e-con-boxed e-con e-parent\" data-id=\"b860c0a\" data-element_type=\"container\" data-e-type=\"container\">\n\t\t\t\t\t<div class=\"e-con-inner\">\n\t\t\t\t<div class=\"elementor-element elementor-element-3ec57c8 elementor-mobile-align-start elementor-icon-list--layout-traditional elementor-list-item-link-full_width elementor-widget elementor-widget-icon-list\" data-id=\"3ec57c8\" data-element_type=\"widget\" data-e-type=\"widget\" data-widget_type=\"icon-list.default\">\n\t\t\t\t\t\t\t<ul class=\"elementor-icon-list-items\">\n\t\t\t\t\t\t\t<li class=\"elementor-icon-list-item\">\n\t\t\t\t\t\t\t\t\t\t\t<span class=\"elementor-icon-list-icon\">\n\t\t\t\t\t\t\t<svg xmlns=\"http:\/\/www.w3.org\/2000\/svg\" width=\"40\" height=\"40\" viewBox=\"0 0 40 40\" fill=\"none\"><path d=\"M19.9987 36.6663C29.1654 36.6663 36.6654 29.1663 36.6654 19.9997C36.6654 10.833 29.1654 3.33301 19.9987 3.33301C10.832 3.33301 3.33203 10.833 3.33203 19.9997C3.33203 29.1663 10.832 36.6663 19.9987 36.6663Z\" stroke=\"#00B781\" stroke-width=\"1.5\" stroke-linecap=\"round\" stroke-linejoin=\"round\"><\/path><path d=\"M20 13.333V21.6663\" stroke=\"#00B781\" stroke-width=\"1.5\" stroke-linecap=\"round\" stroke-linejoin=\"round\"><\/path><path d=\"M19.9922 26.667H20.0072\" stroke=\"#00B781\" stroke-width=\"2\" stroke-linecap=\"round\" stroke-linejoin=\"round\"><\/path><\/svg>\t\t\t\t\t\t<\/span>\n\t\t\t\t\t\t\t\t\t\t<span class=\"elementor-icon-list-text\">C\u00f3mo Usar el Calendario Econ\u00f3mico de Trendo<\/span>\n\t\t\t\t\t\t\t\t\t<\/li>\n\t\t\t\t\t\t<\/ul>\n\t\t\t\t\t\t<\/div>\n\t\t\t\t<div class=\"elementor-element elementor-element-19fc45d elementor-widget elementor-widget-text-editor\" data-id=\"19fc45d\" data-element_type=\"widget\" data-e-type=\"widget\" data-widget_type=\"text-editor.default\">\n\t\t\t\t\t\t\t\t\t<p>El Calendario Econ\u00f3mico de Trendo te ayuda a seguir el momento y el posible impacto de los eventos econ\u00f3micos en distintos s\u00edmbolos de trading, permiti\u00e9ndote tomar decisiones de trading m\u00e1s informadas. A continuaci\u00f3n, conocer\u00e1s las secciones principales del calendario y c\u00f3mo utilizarlo de forma eficaz.<\/p>\t\t\t\t\t\t\t\t<\/div>\n\t\t\t\t<div class=\"elementor-element elementor-element-cb20fe2 elementor-widget elementor-widget-heading\" data-id=\"cb20fe2\" data-element_type=\"widget\" data-e-type=\"widget\" data-widget_type=\"heading.default\">\n\t\t\t\t\t<h2 class=\"elementor-heading-title elementor-size-default\">Secciones Principales del Calendario Econ\u00f3mico<\/h2>\t\t\t\t<\/div>\n\t\t\t\t<div class=\"elementor-element elementor-element-ca517a1 elementor-widget elementor-widget-text-editor\" data-id=\"ca517a1\" data-element_type=\"widget\" data-e-type=\"widget\" data-widget_type=\"text-editor.default\">\n\t\t\t\t\t\t\t\t\t<ol><li style=\"list-style-type: none;\"><ol><li>Fecha y Hora del Evento: Cada evento econ\u00f3mico aparece con una fecha y hora precisas. Aseg\u00farate de que la configuraci\u00f3n de tu zona horaria est\u00e9 correctamente ajustada usando la herramienta de filtro para visualizar los eventos seg\u00fan tu hora local.<\/li><li>Pa\u00eds y Moneda Afectada: Cada evento est\u00e1 identificado con el pa\u00eds y la moneda que impacta. Por ejemplo, los eventos de Estados Unidos suelen afectar al d\u00f3lar estadounidense (USD).<\/li><li><p>Tipo de Evento: Esta secci\u00f3n muestra la naturaleza del evento o informe econ\u00f3mico. Cada tipo de noticia puede afectar a los mercados de manera diferente.<\/p><\/li><li>Nivel de Impacto: En el calendario de Trendo, la importancia de cada evento se representa visualmente mediante el n\u00famero de \u00edconos de Trendo:<br \/><ul><li>Alto Impacto (Tres \u00edconos): Estos eventos son muy relevantes y suelen provocar una fuerte volatilidad en el mercado.<\/li><li>Impacto Medio (Dos \u00edconos): Tienen un efecto notable, pero generalmente moderado.<\/li><li style=\"margin-bottom: 30px;\">Bajo Impacto (Un \u00edcono): Estos eventos tienen un impacto limitado en el mercado y rara vez provocan movimientos importantes de precios.<\/li><\/ul><\/li><li>Valores de Pron\u00f3stico, Actual y Anterior: Esta secci\u00f3n proporciona datos clave para ayudarte a analizar las posibles reacciones del mercado.<br \/><ul><li>Anterior: Muestra el resultado del informe en el per\u00edodo anterior.<\/li><li>Pron\u00f3stico: Refleja las expectativas de los analistas para el pr\u00f3ximo resultado.<\/li><li>Actual: La cifra publicada, que se muestra instant\u00e1neamente en el momento de su anuncio.<\/li><\/ul><\/li><\/ol><\/li><\/ol><p>\u00a0<\/p>\t\t\t\t\t\t\t\t<\/div>\n\t\t\t\t<div class=\"elementor-element elementor-element-feb9440 elementor-widget elementor-widget-heading\" data-id=\"feb9440\" data-element_type=\"widget\" data-e-type=\"widget\" data-widget_type=\"heading.default\">\n\t\t\t\t\t<span class=\"elementor-heading-title elementor-size-default\">Si el resultado actual difiere significativamente del pron\u00f3stico, los mercados suelen reaccionar con movimientos bruscos. Por lo tanto, se recomienda revisar el calendario de manera constante para identificar eventos importantes y planificar tus operaciones en consecuencia. Por ejemplo, durante la publicaci\u00f3n de informes clave como las tasas de inter\u00e9s o el \u00edndice de n\u00f3minas no agr\u00edcolas de EE.\u202fUU., es recomendable evitar abrir nuevas operaciones o gestionar el riesgo utilizando \u00f3rdenes de stop loss.<\/span>\t\t\t\t<\/div>\n\t\t\t\t\t<\/div>\n\t\t\t\t<\/div>\n\t\t<div class=\"elementor-element elementor-element-a918611 e-flex e-con-boxed e-con e-parent\" data-id=\"a918611\" data-element_type=\"container\" data-e-type=\"container\">\n\t\t\t\t\t<div class=\"e-con-inner\">\n\t\t\t\t<div class=\"elementor-element elementor-element-bc7c3c1 elementor-widget elementor-widget-heading\" data-id=\"bc7c3c1\" data-element_type=\"widget\" data-e-type=\"widget\" data-widget_type=\"heading.default\">\n\t\t\t\t\t<h2 class=\"elementor-heading-title elementor-size-default\">Beneficios y Caracter\u00edsticas del Calendario Econ\u00f3mico de Trendo<\/h2>\t\t\t\t<\/div>\n\t\t\t\t\t<\/div>\n\t\t\t\t<\/div>\n\t\t<div class=\"elementor-element elementor-element-2484c90 e-flex e-con-boxed e-con e-parent\" data-id=\"2484c90\" data-element_type=\"container\" data-e-type=\"container\">\n\t\t\t\t\t<div class=\"e-con-inner\">\n\t\t<div class=\"elementor-element elementor-element-8a0b1e6 e-con-full e-flex e-con e-child\" data-id=\"8a0b1e6\" data-element_type=\"container\" data-e-type=\"container\">\n\t\t\t\t<div class=\"elementor-element elementor-element-acc80b9 cont-trus elementor-widget elementor-widget-icon-box\" data-id=\"acc80b9\" data-element_type=\"widget\" data-e-type=\"widget\" data-widget_type=\"icon-box.default\">\n\t\t\t\t\t\t\t<div class=\"elementor-icon-box-wrapper\">\n\n\t\t\t\n\t\t\t\t\t\t<div class=\"elementor-icon-box-content\">\n\n\t\t\t\t\t\t\t\t\t<h3 class=\"elementor-icon-box-title\">\n\t\t\t\t\t\t<span  >\n\t\t\t\t\t\t\tTrading y Calendario en un Solo Lugar\t\t\t\t\t\t<\/span>\n\t\t\t\t\t<\/h3>\n\t\t\t\t\n\t\t\t\t\t\t\t\t\t<p class=\"elementor-icon-box-description\">\n\t\t\t\t\t\tAccede al calendario y gestiona tus operaciones sin salir de la plataforma.\t\t\t\t\t<\/p>\n\t\t\t\t\n\t\t\t<\/div>\n\t\t\t\n\t\t<\/div>\n\t\t\t\t\t\t<\/div>\n\t\t\t\t<\/div>\n\t\t<div class=\"elementor-element elementor-element-5c2d9e8 e-con-full e-flex e-con e-child\" data-id=\"5c2d9e8\" data-element_type=\"container\" data-e-type=\"container\">\n\t\t\t\t<div class=\"elementor-element elementor-element-0c139eb cont-trus elementor-widget elementor-widget-icon-box\" data-id=\"0c139eb\" data-element_type=\"widget\" data-e-type=\"widget\" data-widget_type=\"icon-box.default\">\n\t\t\t\t\t\t\t<div class=\"elementor-icon-box-wrapper\">\n\n\t\t\t\n\t\t\t\t\t\t<div class=\"elementor-icon-box-content\">\n\n\t\t\t\t\t\t\t\t\t<h3 class=\"elementor-icon-box-title\">\n\t\t\t\t\t\t<span  >\n\t\t\t\t\t\t\tFiltrado Avanzado de Eventos\t\t\t\t\t\t<\/span>\n\t\t\t\t\t<\/h3>\n\t\t\t\t\n\t\t\t\t\t\t\t\t\t<p class=\"elementor-icon-box-description\">\n\t\t\t\t\t\tFiltra por fecha, nivel de impacto o activo para ver solo los datos m\u00e1s relevantes.\t\t\t\t\t<\/p>\n\t\t\t\t\n\t\t\t<\/div>\n\t\t\t\n\t\t<\/div>\n\t\t\t\t\t\t<\/div>\n\t\t\t\t<\/div>\n\t\t<div class=\"elementor-element elementor-element-1a5118d e-con-full e-flex e-con e-child\" data-id=\"1a5118d\" data-element_type=\"container\" data-e-type=\"container\">\n\t\t\t\t<div class=\"elementor-element elementor-element-c237ad8 cont-trus elementor-widget elementor-widget-icon-box\" data-id=\"c237ad8\" data-element_type=\"widget\" data-e-type=\"widget\" data-widget_type=\"icon-box.default\">\n\t\t\t\t\t\t\t<div class=\"elementor-icon-box-wrapper\">\n\n\t\t\t\n\t\t\t\t\t\t<div class=\"elementor-icon-box-content\">\n\n\t\t\t\t\t\t\t\t\t<h3 class=\"elementor-icon-box-title\">\n\t\t\t\t\t\t<span  >\n\t\t\t\t\t\t\tAlertas Personalizadas Instant\u00e1neas\t\t\t\t\t\t<\/span>\n\t\t\t\t\t<\/h3>\n\t\t\t\t\n\t\t\t\t\t\t\t\t\t<p class=\"elementor-icon-box-description\">\n\t\t\t\t\t\tConfigura una alerta para los datos y recibe una notificaci\u00f3n en tu tel\u00e9fono una vez que se publiquen\t\t\t\t\t<\/p>\n\t\t\t\t\n\t\t\t<\/div>\n\t\t\t\n\t\t<\/div>\n\t\t\t\t\t\t<\/div>\n\t\t\t\t<\/div>\n\t\t\t\t\t<\/div>\n\t\t\t\t<\/div>\n\t\t<div class=\"elementor-element elementor-element-c3e468f e-flex e-con-boxed e-con e-parent\" data-id=\"c3e468f\" data-element_type=\"container\" data-e-type=\"container\">\n\t\t\t\t\t<div class=\"e-con-inner\">\n\t\t<div class=\"elementor-element elementor-element-abd13de e-con-full e-flex e-con e-child\" data-id=\"abd13de\" data-element_type=\"container\" data-e-type=\"container\">\n\t\t\t\t<div class=\"elementor-element elementor-element-3399709 cont-trus elementor-widget elementor-widget-icon-box\" data-id=\"3399709\" data-element_type=\"widget\" data-e-type=\"widget\" data-widget_type=\"icon-box.default\">\n\t\t\t\t\t\t\t<div class=\"elementor-icon-box-wrapper\">\n\n\t\t\t\n\t\t\t\t\t\t<div class=\"elementor-icon-box-content\">\n\n\t\t\t\t\t\t\t\t\t<h3 class=\"elementor-icon-box-title\">\n\t\t\t\t\t\t<span  >\n\t\t\t\t\t\t\tActualizaciones en Tiempo Real\t\t\t\t\t\t<\/span>\n\t\t\t\t\t<\/h3>\n\t\t\t\t\n\t\t\t\t\t\t\t\t\t<p class=\"elementor-icon-box-description\">\n\t\t\t\t\t\tLos datos se actualizan en tiempo real; siempre tendr\u00e1s las cifras m\u00e1s recientes en pantalla.\t\t\t\t\t<\/p>\n\t\t\t\t\n\t\t\t<\/div>\n\t\t\t\n\t\t<\/div>\n\t\t\t\t\t\t<\/div>\n\t\t\t\t<\/div>\n\t\t<div class=\"elementor-element elementor-element-1ac822e e-con-full e-flex e-con e-child\" data-id=\"1ac822e\" data-element_type=\"container\" data-e-type=\"container\">\n\t\t\t\t<div class=\"elementor-element elementor-element-e236ba0 cont-trus elementor-widget elementor-widget-icon-box\" data-id=\"e236ba0\" data-element_type=\"widget\" data-e-type=\"widget\" data-widget_type=\"icon-box.default\">\n\t\t\t\t\t\t\t<div class=\"elementor-icon-box-wrapper\">\n\n\t\t\t\n\t\t\t\t\t\t<div class=\"elementor-icon-box-content\">\n\n\t\t\t\t\t\t\t\t\t<h3 class=\"elementor-icon-box-title\">\n\t\t\t\t\t\t<span  >\n\t\t\t\t\t\t\tSoporte Multiling\u00fce\t\t\t\t\t\t<\/span>\n\t\t\t\t\t<\/h3>\n\t\t\t\t\n\t\t\t\t\t\t\t\t\t<p class=\"elementor-icon-box-description\">\n\t\t\t\t\t\tUtiliza f\u00e1cilmente el Calendario Forex de Trendo en tu idioma preferido.\n\n\t\t\t\t\t<\/p>\n\t\t\t\t\n\t\t\t<\/div>\n\t\t\t\n\t\t<\/div>\n\t\t\t\t\t\t<\/div>\n\t\t\t\t<\/div>\n\t\t<div class=\"elementor-element elementor-element-7c29ad8 e-con-full e-flex e-con e-child\" data-id=\"7c29ad8\" data-element_type=\"container\" data-e-type=\"container\">\n\t\t\t\t<div class=\"elementor-element elementor-element-c31d05c cont-trus elementor-widget elementor-widget-icon-box\" data-id=\"c31d05c\" data-element_type=\"widget\" data-e-type=\"widget\" data-widget_type=\"icon-box.default\">\n\t\t\t\t\t\t\t<div class=\"elementor-icon-box-wrapper\">\n\n\t\t\t\n\t\t\t\t\t\t<div class=\"elementor-icon-box-content\">\n\n\t\t\t\t\t\t\t\t\t<h3 class=\"elementor-icon-box-title\">\n\t\t\t\t\t\t<span  >\n\t\t\t\t\t\t\tCompatibilidad con Zonas Horarias\t\t\t\t\t\t<\/span>\n\t\t\t\t\t<\/h3>\n\t\t\t\t\n\t\t\t\t\t\t\t\t\t<p class=\"elementor-icon-box-description\">\n\t\t\t\t\t\tElige la zona horaria para que los comunicados de prensa coincidan con tu hora local.\n\n\t\t\t\t\t<\/p>\n\t\t\t\t\n\t\t\t<\/div>\n\t\t\t\n\t\t<\/div>\n\t\t\t\t\t\t<\/div>\n\t\t\t\t<\/div>\n\t\t\t\t\t<\/div>\n\t\t\t\t<\/div>\n\t\t<div class=\"elementor-element elementor-element-c8a561e e-flex e-con-boxed e-con e-parent\" data-id=\"c8a561e\" data-element_type=\"container\" data-e-type=\"container\" data-settings=\"{&quot;background_background&quot;:&quot;classic&quot;}\">\n\t\t\t\t\t<div class=\"e-con-inner\">\n\t\t\t\t<div class=\"elementor-element elementor-element-eef092a elementor-widget elementor-widget-heading\" data-id=\"eef092a\" data-element_type=\"widget\" data-e-type=\"widget\" data-widget_type=\"heading.default\">\n\t\t\t\t\t<h2 class=\"elementor-heading-title elementor-size-default\">\u00bfListo para operar con la ayuda del Calendario Econ\u00f3mico de Trendo?<\/h2>\t\t\t\t<\/div>\n\t\t\t\t<div class=\"elementor-element elementor-element-0eed165 elementor-widget__width-inherit elementor-widget elementor-widget-heading\" data-id=\"0eed165\" data-element_type=\"widget\" data-e-type=\"widget\" data-widget_type=\"heading.default\">\n\t\t\t\t\t<span class=\"elementor-heading-title elementor-size-default\">En la plataforma de trading de Trendo puedes operar y monitorear el calendario econ\u00f3mico de Forex al mismo tiempo.<\/span>\t\t\t\t<\/div>\n\t\t\t\t<div class=\"elementor-element elementor-element-ce2c435 elementor-align-right elementor-mobile-align-center cutomicon elementor-widget elementor-widget-button\" data-id=\"ce2c435\" data-element_type=\"widget\" data-e-type=\"widget\" data-widget_type=\"button.default\">\n\t\t\t\t\t\t\t\t\t\t<a class=\"elementor-button elementor-button-link elementor-size-sm\" href=\"https:\/\/my.fxtrendo.com\/sign-in\" rel=\"nofollow noopener\" target=\"_blank\">\n\t\t\t\t\t\t<span class=\"elementor-button-content-wrapper\">\n\t\t\t\t\t\t<span class=\"elementor-button-icon\">\n\t\t\t\t<svg xmlns=\"http:\/\/www.w3.org\/2000\/svg\" width=\"24\" height=\"24\" viewBox=\"0 0 24 24\" fill=\"none\"><g id=\"vuesax\/outline\/arrow-right\"><g id=\"arrow-right\"><path id=\"Vector\" d=\"M14.4291 18.8201C14.2391 18.8201 14.0491 18.7501 13.8991 18.6001C13.6091 18.3101 13.6091 17.8301 13.8991 17.5401L19.4391 12.0001L13.8991 6.46012C13.6091 6.17012 13.6091 5.69012 13.8991 5.40012C14.1891 5.11012 14.6691 5.11012 14.9591 5.40012L21.0291 11.4701C21.3191 11.7601 21.3191 12.2401 21.0291 12.5301L14.9591 18.6001C14.8091 18.7501 14.6191 18.8201 14.4291 18.8201Z\" fill=\"white\"><\/path><path id=\"Vector_2\" d=\"M20.33 12.75H3.5C3.09 12.75 2.75 12.41 2.75 12C2.75 11.59 3.09 11.25 3.5 11.25H20.33C20.74 11.25 21.08 11.59 21.08 12C21.08 12.41 20.74 12.75 20.33 12.75Z\" fill=\"white\"><\/path><\/g><\/g><\/svg>\t\t\t<\/span>\n\t\t\t\t\t\t\t\t\t<span class=\"elementor-button-text\">Abrir una cuenta<\/span>\n\t\t\t\t\t<\/span>\n\t\t\t\t\t<\/a>\n\t\t\t\t\t\t\t\t<\/div>\n\t\t\t\t<div class=\"elementor-element elementor-element-581da24 elementor-align-left elementor-mobile-align-center cutomicon elementor-widget elementor-widget-button\" data-id=\"581da24\" data-element_type=\"widget\" data-e-type=\"widget\" data-widget_type=\"button.default\">\n\t\t\t\t\t\t\t\t\t\t<a class=\"elementor-button elementor-button-link elementor-size-sm\" href=\"https:\/\/my.fxtrendo.com\/sign-in\" rel=\"nofollow noopener\" target=\"_blank\">\n\t\t\t\t\t\t<span class=\"elementor-button-content-wrapper\">\n\t\t\t\t\t\t<span class=\"elementor-button-icon\">\n\t\t\t\t<svg xmlns=\"http:\/\/www.w3.org\/2000\/svg\" width=\"24\" height=\"25\" viewBox=\"0 0 24 25\" fill=\"none\"><g id=\"vuesax\/outline\/arrow-right\"><g id=\"arrow-right\"><path id=\"Vector\" d=\"M14.4291 19.3191C14.2391 19.3191 14.0491 19.2491 13.8991 19.0991C13.6091 18.8091 13.6091 18.3291 13.8991 18.0391L19.4391 12.4991L13.8991 6.95914C13.6091 6.66914 13.6091 6.18914 13.8991 5.89914C14.1891 5.60914 14.6691 5.60914 14.9591 5.89914L21.0291 11.9691C21.3191 12.2591 21.3191 12.7391 21.0291 13.0291L14.9591 19.0991C14.8091 19.2491 14.6191 19.3191 14.4291 19.3191Z\" fill=\"#00B781\"><\/path><path id=\"Vector_2\" d=\"M20.33 13.25H3.5C3.09 13.25 2.75 12.91 2.75 12.5C2.75 12.09 3.09 11.75 3.5 11.75H20.33C20.74 11.75 21.08 12.09 21.08 12.5C21.08 12.91 20.74 13.25 20.33 13.25Z\" fill=\"#00B781\"><\/path><\/g><\/g><\/svg>\t\t\t<\/span>\n\t\t\t\t\t\t\t\t\t<span class=\"elementor-button-text\">Probar una cuenta demo<\/span>\n\t\t\t\t\t<\/span>\n\t\t\t\t\t<\/a>\n\t\t\t\t\t\t\t\t<\/div>\n\t\t\t\t\t<\/div>\n\t\t\t\t<\/div>\n\t\t\t\t<\/div>\n\t\t","protected":false},"excerpt":{"rendered":"<p>Calendario Econ\u00f3mico Inteligente de Trendo Monitorea y analiza de un vistazo todos los principales eventos e indicadores econ\u00f3micos globales. Con alertas en vivo, capacidades avanzadas de filtrado y sincronizaci\u00f3n en tiempo real con la plataforma de trading de Trendo, podr\u00e1s tomar decisiones m\u00e1s precisas y mantenerte un paso adelante de la volatilidad del mercado. C\u00f3mo [&hellip;]<\/p>\n","protected":false},"author":9,"featured_media":59689,"parent":0,"menu_order":0,"comment_status":"closed","ping_status":"closed","template":"","meta":{"_acf_changed":false,"inline_featured_image":false,"fxtrendo_post_editor":0,"footnotes":""},"class_list":["post-59690","page","type-page","status-publish","has-post-thumbnail","hentry"],"acf":[],"fxtrendo_editor":0,"_links":{"self":[{"href":"https:\/\/dev.fxtrendo.com\/es\/wp-json\/wp\/v2\/pages\/59690","targetHints":{"allow":["GET"]}}],"collection":[{"href":"https:\/\/dev.fxtrendo.com\/es\/wp-json\/wp\/v2\/pages"}],"about":[{"href":"https:\/\/dev.fxtrendo.com\/es\/wp-json\/wp\/v2\/types\/page"}],"author":[{"embeddable":true,"href":"https:\/\/dev.fxtrendo.com\/es\/wp-json\/wp\/v2\/users\/9"}],"replies":[{"embeddable":true,"href":"https:\/\/dev.fxtrendo.com\/es\/wp-json\/wp\/v2\/comments?post=59690"}],"version-history":[{"count":7,"href":"https:\/\/dev.fxtrendo.com\/es\/wp-json\/wp\/v2\/pages\/59690\/revisions"}],"predecessor-version":[{"id":60160,"href":"https:\/\/dev.fxtrendo.com\/es\/wp-json\/wp\/v2\/pages\/59690\/revisions\/60160"}],"wp:featuredmedia":[{"embeddable":true,"href":"https:\/\/dev.fxtrendo.com\/es\/wp-json\/wp\/v2\/media\/59689"}],"wp:attachment":[{"href":"https:\/\/dev.fxtrendo.com\/es\/wp-json\/wp\/v2\/media?parent=59690"}],"curies":[{"name":"wp","href":"https:\/\/api.w.org\/{rel}","templated":true}]}}